{"id":178,"date":"2021-10-20T21:51:13","date_gmt":"2021-10-20T19:51:13","guid":{"rendered":"http:\/\/mamabehawiorysta.pl\/?page_id=178"},"modified":"2021-10-20T21:55:27","modified_gmt":"2021-10-20T19:55:27","slug":"kynoedukacja","status":"publish","type":"page","link":"https:\/\/mamabehawiorysta.pl\/index.php\/kynoedukacja\/","title":{"rendered":"Kynoedukacja"},"content":{"rendered":"\n<p>Oferta dla przedszkoli i szk\u00f3\u0142.<\/p>\n\n\n\n<p>Zapraszam na:<br>\ud83d\udc3e zaj\u0119cia edukacyjne o psach<br>\ud83d\udc3e czas trwania: 1 godzina<br>\ud83d\udc3e wielko\u015b\u0107 grupy: do 25 dzieci<br>\ud83d\udc3e moi pomocnicy: PSY ATRAPY Lila oraz  Vito <\/p>\n\n\n\n<div class=\"wp-block-image\"><figure class=\"aligncenter is-resized\"><img loading=\"lazy\" decoding=\"async\" src=\"http:\/\/mamabehawiorysta.pl\/wp-content\/uploads\/2021\/10\/IMG-20211013-WA0000-1024x768.jpg\" alt=\"\" class=\"wp-image-179\" width=\"380\" height=\"284\" srcset=\"https:\/\/mamabehawiorysta.pl\/wp-content\/uploads\/2021\/10\/IMG-20211013-WA0000-1024x768.jpg 1024w, https:\/\/mamabehawiorysta.pl\/wp-content\/uploads\/2021\/10\/IMG-20211013-WA0000-300x225.jpg 300w, https:\/\/mamabehawiorysta.pl\/wp-content\/uploads\/2021\/10\/IMG-20211013-WA0000-768x576.jpg 768w, https:\/\/mamabehawiorysta.pl\/wp-content\/uploads\/2021\/10\/IMG-20211013-WA0000.jpg 1599w\" sizes=\"auto, (max-width: 380px) 100vw, 380px\" \/><\/figure><\/div>\n\n\n\n<p>CEL:<br> \ud83d\udc3e zwi\u0119kszenie bezpiecze\u0144stwa dzieci w obecno\u015bci ps\u00f3w<br> \ud83d\udc3e nauka prawid\u0142owej relacji na linii DZIECKO-PIES<br> \ud83d\udc3e zwi\u0119kszenie \u015bwiadomo\u015bci dzieci na temat potrzeb ps\u00f3w<br> \ud83d\udc3e zmniejszenie ryzyka pogryzie\u0144 u dzieci przez psy<br> \ud83d\udc3e poznanie miejsc, gdzie psy lubi\u0105 by\u0107 g\u0142askane a gdzie nie<br> \ud83d\udc3e zwi\u0119kszenie empatii do ps\u00f3w<br> \ud83d\udc3e nauka prawid\u0142owej zabawy z psem<br> \ud83d\udc3e promowanie aktywnego trybu \u017cycia<\/p>\n\n\n\n<figure class=\"wp-block-image\"><img loading=\"lazy\" decoding=\"async\" width=\"738\" height=\"789\" src=\"http:\/\/mamabehawiorysta.pl\/wp-content\/uploads\/2021\/10\/Kynoedukacja.jpeg\" alt=\"\" class=\"wp-image-182\" srcset=\"https:\/\/mamabehawiorysta.pl\/wp-content\/uploads\/2021\/10\/Kynoedukacja.jpeg 738w, https:\/\/mamabehawiorysta.pl\/wp-content\/uploads\/2021\/10\/Kynoedukacja-281x300.jpeg 281w\" sizes=\"auto, (max-width: 738px) 100vw, 738px\" \/><\/figure>\n","protected":false},"excerpt":{"rendered":"<p>Oferta dla przedszkoli i szk\u00f3\u0142. Zapraszam na:\ud83d\udc3e zaj\u0119cia edukacyjne o psach\ud83d\udc3e czas trwania: 1 godzina\ud83d\udc3e wielko\u015b\u0107 grupy: do 25 dzieci\ud83d\udc3e moi pomocnicy: PSY ATRAPY Lila oraz Vito CEL: \ud83d\udc3e zwi\u0119kszenie bezpiecze\u0144stwa dzieci w obecno\u015bci ps\u00f3w \ud83d\udc3e nauka prawid\u0142owej relacji na linii DZIECKO-PIES \ud83d\udc3e zwi\u0119kszenie \u015bwiadomo\u015bci dzieci na temat potrzeb ps\u00f3w \ud83d\udc3e zmniejszenie ryzyka pogryzie\u0144 u [&hellip;]<\/p>\n","protected":false},"author":1,"featured_media":0,"parent":0,"menu_order":0,"comment_status":"closed","ping_status":"closed","template":"","meta":{"footnotes":""},"class_list":["post-178","page","type-page","status-publish","hentry"],"_links":{"self":[{"href":"https:\/\/mamabehawiorysta.pl\/index.php\/wp-json\/wp\/v2\/pages\/178","targetHints":{"allow":["GET"]}}],"collection":[{"href":"https:\/\/mamabehawiorysta.pl\/index.php\/wp-json\/wp\/v2\/pages"}],"about":[{"href":"https:\/\/mamabehawiorysta.pl\/index.php\/wp-json\/wp\/v2\/types\/page"}],"author":[{"embeddable":true,"href":"https:\/\/mamabehawiorysta.pl\/index.php\/wp-json\/wp\/v2\/users\/1"}],"replies":[{"embeddable":true,"href":"https:\/\/mamabehawiorysta.pl\/index.php\/wp-json\/wp\/v2\/comments?post=178"}],"version-history":[{"count":7,"href":"https:\/\/mamabehawiorysta.pl\/index.php\/wp-json\/wp\/v2\/pages\/178\/revisions"}],"predecessor-version":[{"id":189,"href":"https:\/\/mamabehawiorysta.pl\/index.php\/wp-json\/wp\/v2\/pages\/178\/revisions\/189"}],"wp:attachment":[{"href":"https:\/\/mamabehawiorysta.pl\/index.php\/wp-json\/wp\/v2\/media?parent=178"}],"curies":[{"name":"wp","href":"https:\/\/api.w.org\/{rel}","templated":true}]}}