{"id":23,"date":"2019-09-28T00:07:39","date_gmt":"2019-09-27T22:07:39","guid":{"rendered":"http:\/\/wordpress1994626.home.pl\/autoinstalator\/wordpressplus2\/?page_id=23"},"modified":"2025-02-19T08:40:24","modified_gmt":"2025-02-19T07:40:24","slug":"o-mnie","status":"publish","type":"page","link":"https:\/\/mamabehawiorysta.pl\/index.php\/o-mnie\/","title":{"rendered":"O mnie"},"content":{"rendered":"\n<p>W moim domu zawsze by\u0142y zwierz\u0119ta. Tak wiem, wiele stron trener\u00f3w czy behawioryst\u00f3w zaczyna si\u0119 podobnie&#8230; U mnie r\u00f3wnie\u017c tak by\u0142o. Od dziecka fascynowa\u0142am si\u0119 ich szkoleniem. Potrafi\u0142am godzinami przygl\u0105da\u0107 si\u0119 zwierz\u0119tom. Pami\u0119tam, gdy jako ma\u0142a dziewczynka nauczy\u0142am kr\u00f3lika na klaskanie wchodzi\u0107 do klatki. <\/p>\n\n\n\n<p>W mojej pracy nie skupiam si\u0119 na uczeniu ps\u00f3w konkursowego pos\u0142usze\u0144stwa. Chc\u0119 mie\u0107 psiaki, kt\u00f3re swobodnie w\u0119sz\u0105, a jednocze\u015bnie, gdy je o to prosimy wykonuj\u0105 nasze polecenia. Mieszkaj\u0105c w Warszawie psy musz\u0105 zna\u0107 podstawowe komendy, kt\u00f3re u\u0142atwiaj\u0105 nam wsp\u00f3lne \u017cycie. <\/p>\n\n\n\n<ul class=\"wp-block-gallery columns-1 is-cropped wp-block-gallery-1 is-layout-flex wp-block-gallery-is-layout-flex\"><li class=\"blocks-gallery-item\"><figure><img loading=\"lazy\" decoding=\"async\" width=\"1024\" height=\"768\" src=\"http:\/\/wordpress1994626.home.pl\/autoinstalator\/wordpressplus2\/wp-content\/uploads\/2020\/02\/IMG_6791-1-1024x768.jpg\" alt=\"\" data-id=\"122\" data-link=\"http:\/\/wordpress1994626.home.pl\/autoinstalator\/wordpressplus2\/index.php\/o-mnie\/img_6791-1\/\" class=\"wp-image-122\" srcset=\"https:\/\/mamabehawiorysta.pl\/wp-content\/uploads\/2020\/02\/IMG_6791-1-1024x768.jpg 1024w, https:\/\/mamabehawiorysta.pl\/wp-content\/uploads\/2020\/02\/IMG_6791-1-300x225.jpg 300w, https:\/\/mamabehawiorysta.pl\/wp-content\/uploads\/2020\/02\/IMG_6791-1-768x576.jpg 768w\" sizes=\"auto, (max-width: 1024px) 100vw, 1024px\" \/><\/figure><\/li><\/ul>\n\n\n\n<p>Podstaw\u0105 jednak jest <strong>wzajemne zaufanie<\/strong>, zrozumienie psich potrzeb, w\u0142a\u015bciwa komunikacja. Chc\u0119 nauczy\u0107 Was psiego j\u0119zyka i sygna\u0142\u00f3w, kt\u00f3re psy wysy\u0142aj\u0105 do nas codziennie. <\/p>\n\n\n\n<p>Uczenie komend jest form\u0105 zabawy i elementem budowania prawid\u0142owej relacji cz\u0142owiek &#8211; pies. Sama w zale\u017cno\u015bci od etapu \u017cycia, uczy\u0142am mojego labradora &#8211; Vito r\u00f3\u017cnych komend, np. \u015bci\u0105gania skarpetek czy przynoszenia kapci jak by\u0142am w ci\u0105\u017cy. Natomiast po porodzie wyrzuca\u0142 zu\u017cyte pampersy.<\/p>\n\n\n\n<ul class=\"wp-block-gallery columns-1 is-cropped wp-block-gallery-2 is-layout-flex wp-block-gallery-is-layout-flex\"><li class=\"blocks-gallery-item\"><figure><img loading=\"lazy\" decoding=\"async\" width=\"960\" height=\"960\" src=\"http:\/\/wordpress1994626.home.pl\/autoinstalator\/wordpressplus2\/wp-content\/uploads\/2020\/02\/27749858_206270579926582_5860807510977739000_n-1.jpg\" alt=\"\" data-id=\"120\" data-link=\"http:\/\/wordpress1994626.home.pl\/autoinstalator\/wordpressplus2\/index.php\/o-mnie\/27749858_206270579926582_5860807510977739000_n-1\/\" class=\"wp-image-120\" srcset=\"https:\/\/mamabehawiorysta.pl\/wp-content\/uploads\/2020\/02\/27749858_206270579926582_5860807510977739000_n-1.jpg 960w, https:\/\/mamabehawiorysta.pl\/wp-content\/uploads\/2020\/02\/27749858_206270579926582_5860807510977739000_n-1-150x150.jpg 150w, https:\/\/mamabehawiorysta.pl\/wp-content\/uploads\/2020\/02\/27749858_206270579926582_5860807510977739000_n-1-300x300.jpg 300w, https:\/\/mamabehawiorysta.pl\/wp-content\/uploads\/2020\/02\/27749858_206270579926582_5860807510977739000_n-1-768x768.jpg 768w\" sizes=\"auto, (max-width: 960px) 100vw, 960px\" \/><\/figure><\/li><\/ul>\n\n\n\n<p>Wyb\u00f3r studi\u00f3w nie by\u0142 dla mnie trudny. Jestem absolwentk\u0105 <strong>Wydzia\u0142u Nauk o Zwierz\u0119tach na SGGW<\/strong>. Prac\u0119 in\u017cyniersk\u0105 napisa\u0142am na temat szkolenia ps\u00f3w my\u015bliwskich, natomiast praca magisterka dotyczy\u0142a tego jak odbieramy problemy behawioralne u ps\u00f3w domowych. W obu przypadkach promotorem moich prac by\u0142 profesor Tadeusz Kaleta. <br><br>Uko\u0144czy\u0142am r\u00f3wnie\u017c studia podyplomowe &#8211; <strong>psychologia zwierz\u0105t <\/strong>&#8211; zagadnienia podstawowe i aplikacyjne na <strong>Polskiej Akademii Nauk<\/strong>. Praca dyplomowa dotyczy\u0142a zapobiegania k\u0142opotliwym zachowaniom ps\u00f3w, promotorem by\u0142a lek. wet. Joanna Iracka. Wszystkie powy\u017csze prace obroni\u0142am z wynikiem bardzo dobrym. <br><br>W czasie studi\u00f3w odby\u0142am praktyki studenckie m.in w: <\/p>\n\n\n\n<p> \ud83d\udc3e <strong>Zak\u0142adzie Kynologii Policyjne<\/strong>j  w Su\u0142kowicach, gdzie mia\u0142am okazj\u0119 zobaczy\u0107 szkolenie ps\u00f3w policyjnych,<\/p>\n\n\n\n<p> \ud83d\udc3e szko\u0142a dla ps\u00f3w \u201cPomocna \u0142apa\u201d,<\/p>\n\n\n\n<p> \ud83d\udc3e hodowla ps\u00f3w rasowych &#8222;<strong>Sasquehanna<\/strong>&#8222;.<\/p>\n\n\n\n<p>Od 2009 roku zwi\u0105zana jestem z<strong> Fundacj\u0105 \u201ePomocna \u0141apa\u201d<\/strong> gdzie najpierw jako wolontariusz a nast\u0119pnie jako pracownik prowadzi\u0142am zaj\u0119cia dogoterapii z osobistym psem labradorem Vito. Uko\u0144czy\u0142am kurs <strong>&#8222;Podstawy dogoterapii\u201d<\/strong> prowadzony przez Fundacj\u0119 &#8222;Pomocna \u0141apa\u201d. <br><br>W czerwcu 2019 uko\u0144czy\u0142am <strong>kurs Instruktora Polskiej Ligi Nosework<\/strong>. Egzamin praktyczny zda\u0142am z moim 10-letnim labradorem, kt\u00f3ry zda\u0142 testy zapachowe (cynamon), upowa\u017cniaj\u0105ce nas do start\u00f3w w zawodach. Zdoby\u0142 r\u00f3wnie\u017c drugie miejsce \ud83e\udd48 w kategorii &#8222;przedmioty&#8221; w mini zawodach podczas naszego praktycznego egzaminu.<br><br>Pracowa\u0142am r\u00f3wnie\u017c w<strong> lecznicy weterynaryjnej<\/strong> jako asystent lekarza weterynarii i behawiorysta ps\u00f3w. Zebrane do\u015bwiadczenie pomaga mi w konsultacjach behawioralnych. Wsp\u00f3\u0142pracuj\u0119 z lekarzami weterynarii, aby wykluczy\u0107 medyczne przyczyny problem\u00f3w z zachowaniem u Waszych psiak\u00f3w.<br><\/p>\n\n\n\n<p>W lipcu 2020 po\u017cegna\u0142am mojego ukochanego psa Vito. Obecnie rozpocz\u0119\u0142am now\u0105 przygod\u0119 z Tesl\u0105 &#8211; suczk\u0105 rasy Flat Coated Retriever.<\/p>\n\n\n\n<p>Uko\u0144czy\u0142am kurs na <strong>kynoedukatora<\/strong> prowadzony przez DOGMIND.<\/p>\n\n\n\n<p>Jestem wsp\u00f3\u0142autork\u0105 warsztat\u00f3w dla rodzic\u00f3w &#8222;<strong>Pod jednym dachem &#8211; o budowaniu relacji pies &#8211; dziecko<\/strong>&#8222;.<\/p>\n\n\n\n<p>Razem z Izabel\u0105 Szczepaniak stworzy\u0142y\u015bmy e-book &#8222;<strong>Oswajamy strach przed psami<\/strong>&#8222;.<\/p>\n\n\n\n<figure class=\"wp-block-image\"><img loading=\"lazy\" decoding=\"async\" width=\"789\" height=\"1024\" src=\"http:\/\/mamabehawiorysta.pl\/wp-content\/uploads\/2020\/11\/IMG_20201003_175020-789x1024.jpg\" alt=\"\" class=\"wp-image-141\" srcset=\"https:\/\/mamabehawiorysta.pl\/wp-content\/uploads\/2020\/11\/IMG_20201003_175020-789x1024.jpg 789w, https:\/\/mamabehawiorysta.pl\/wp-content\/uploads\/2020\/11\/IMG_20201003_175020-231x300.jpg 231w, https:\/\/mamabehawiorysta.pl\/wp-content\/uploads\/2020\/11\/IMG_20201003_175020-768x997.jpg 768w\" sizes=\"auto, (max-width: 789px) 100vw, 789px\" \/><\/figure>\n\n\n\n<p><br>Jestem cz\u0142onkiem <strong>Polskiego Towarzystwa Etologicznego<\/strong> (PTEtol), kt\u00f3re zrzesza osoby zwi\u0105zane z naukami behawioralnymi oraz pracuj\u0105ce czynnie w dziedzinie etologii.<\/p>\n\n\n\n<p><strong><em>Poszerzam swoj\u0105 wiedz\u0119 na seminariach prowadzonych przez prelegent\u00f3w z ca\u0142ego \u015bwiata.<\/em><\/strong><\/p>\n\n\n\n<p><strong>Bra\u0142am udzia\u0142 w:<\/strong><\/p>\n\n\n\n<p> <\/p>\n\n\n\n<p><strong>2024:<\/strong><\/p>\n\n\n\n<p>  \ud83d\udc3e <strong>&#8222;O problemach ps\u00f3w w mie\u015bcie&#8221;<\/strong>, Kuba Wierzynkiewicz, Agnieszka Wojtk\u00f3w<\/p>\n\n\n\n<p><strong>2023:<\/strong>  <\/p>\n\n\n\n<p> \ud83d\udc3e <strong>STUDNIA PSYJA\u0179NI<\/strong> &#8211; cykl warsztat\u00f3w z komunikacji dla zaawansowanych,  Anna Gadomska i Kasia Patej,  Z Psem w Pe\u0142ni    <\/p>\n\n\n\n<p>  \ud83d\udc3e<strong>\u201eStrategia i  taktyka pracy z psem z problemami separacyjnymi. Jak skutecznie pracowa\u0107  z psem przejawiaj\u0105cym problemy separacyjne?\u201d<\/strong>, COAPE<\/p>\n\n\n\n<p> \ud83d\udc3e <strong>TestosteProgesteroEstro<\/strong>, czyli o wp\u0142ywie hormon\u00f3w p\u0142ciowych na jako\u015b\u0107 \u017cycia i zachowania ps\u00f3w,  Michele Minunno (W\u0142ochy), z Psem w Pe\u0142ni<\/p>\n\n\n\n<p>  \ud83d\udc3e<strong>Psy i dzieci a trudne emocje rodzic\u00f3w<\/strong>,  Zofia Schacht-Petersen, Wojtk\u00f3w Szkolenia <\/p>\n\n\n\n<p> \ud83d\udc3e <strong>Pies reaktywny to pies agresywny?<\/strong> Czy mo\u017cna mu pom\u00f3c? Kulisy pracy behawioryst\u00f3w, Wojtk\u00f3w Szkolenia<\/p>\n\n\n\n<p><\/p>\n\n\n\n<p><\/p>\n\n\n\n<p><\/p>\n\n\n\n<p><strong>2022:<\/strong><\/p>\n\n\n\n<p>\ud83d\udc3e<strong>L\u0119k separacyjny<\/strong> z Malen\u0105 DeMartini (USA),  Wojtk\u00f3w Szkolenia <\/p>\n\n\n\n<p> \ud83d\udc3e<strong>Terapia behawioralna ps\u00f3w &#8211; przypadki trudne i nieoczywiste<\/strong>, Agnieszka Grynkiewicz, Dogfulness<\/p>\n\n\n\n<p> \ud83d\udc3eWarsztaty z psiej komunikacji <strong>PSODKRYWANIE<\/strong> z  Angela Stockdale (Wielka Brytania)  Z Psem w Pe\u0142ni    <\/p>\n\n\n\n<p> \ud83d\udc3e<strong>Trudne emocje i samoregulacja w zawodzie trenera i behawiorysty ps\u00f3w,<\/strong> Zofia Schacht-Petersen, Wojtk\u00f3w Szkolenia<\/p>\n\n\n\n<p>  \ud83d\udc3e<strong>Emocje i samoregulacja w trudnych relacjach z psem<\/strong>, Zofia Schacht-Petersen, Wojtk\u00f3w Szkolenia <\/p>\n\n\n\n<p> \ud83d\udc3e<strong>Pierwsza balansowa konferencja dla profesjonalist\u00f3w pracuj\u0105cych z psami,<\/strong> BalansDog<\/p>\n\n\n\n<p><strong>Lista Prelegent\u00f3w i temat\u00f3w:<\/strong><\/p>\n\n\n\n<ol class=\"wp-block-list\"><li>Anna Radomska \u2013 <strong>Elementy dogfrisbee<\/strong>, kt\u00f3re mog\u0105 by\u0107 dobrym urozmaiceniem zaj\u0119\u0107 w psich szko\u0142ach i w pracy behawioralnej<\/li><li>Karolina Twardzik \u2013 <strong>Podstawy neurobiologii, wst\u0119p do zrozumienia psychofarmakoterapii i Psychofarmakoterapia ps\u00f3w: <\/strong>fakty i mity<\/li><li>Paula Gumi\u0144ska \u2013 <strong>Objawy ruchowe i zmiany w zachowaniu, kt\u00f3re mog\u0105  \u015bwiadczy\u0107 o problemach ortopedycznych<\/strong> \u2013 kiedy skierowa\u0107 psiego klienta  do fizjoterapeuty?<\/li><li>Agnieszka Wojtk\u00f3w i Kuba Wierzynkiewicz \u2013 <strong>Analiza i ocena interakcji w grupach rodzinnych<\/strong><\/li><li>Joanna Grabowska i Sebastian Zag\u0142oba \u2013 <strong>Czy dummiki mog\u0105 powt\u00f3rzy\u0107 sukces innych sport\u00f3w kynologicznych?<\/strong><\/li><li>Agnieszka \u0141yp \u2013 Chmielewska \u2013 <strong>Pigu\u0142ka prawna dla psiego biznesu<\/strong>,  czyli co ka\u017cda osoba zawodowo pracuj\u0105ca z psami wiedzie\u0107 powinna.<\/li><li>Agata Seruga \u2013 <strong>Medyczny trening kooperacyjny<\/strong><\/li><li>Magda Firlej \u2013 Oliwa \u2013 Najpierw soma potem psyche czyli jakie badania diagnostyczne zleci\u0107 psu przed konsultacja behawioraln\u0105?<\/li><li>Katarzyna Szewczyk \u2013 Przychodzi rodzina z dzieckiem i psem do behawiorysty\/trenera<\/li><li>Jakub Go\u0142\u0105b \u2013 <strong>Szkolenie z klikerem <\/strong>\u2013 mity, pu\u0142apki, b\u0142\u0119dy i prawdziwa efektywno\u015b\u0107&nbsp;&nbsp;<\/li><li>Anna Gruca \u2013<strong> Bezpieczne przedszkole<\/strong> \u2013 rozw\u00f3j szczeniaka, wp\u0142yw ruchu na niego i jak dostosowa\u0107 sprz\u0119t do pracy ze szczeniakami<\/li><li>Patrycja Kowalczyk \u2013 prowadzenie trening\u00f3w grupowych<\/li><li>dr Karolina Ho\u0142da \u2013 <strong>Zbilansowana dieta i odpowiednia suplementacja w r\u00f3\u017cnych modelach \u017cywienia psa<\/strong> \u2013 dlaczego jest tak wa\u017cna?<\/li><li>Kasia \u017bmuda Zdrowa Dieta Psa \u2013 Smaczki treningowe bez tajemnic<\/li><li>Basia Nie\u015bcioruk \u2013 Petsitting<\/li><li>Olga Nylec \u2013 Dobry start w Rally Obedience \u2013 kompendium wiedzy<\/li><li>Anna Gadomska i Kasia Patej \u2013 <strong>Grzechy i Grze\u015bki w pracy z psem reaktywnym<\/strong><\/li><li>Joanna Hewelt \u2013 Praktyka czyni mistrza, czyli czego nie da si\u0119 pozna\u0107 tylko w teorii<\/li><li>Magdalena \u015aliwerska \u2013 Jak rozwija\u0107 si\u0119 w zawodzie z psem<\/li><\/ol>\n\n\n\n<p> \ud83d\udc3e<strong>Cykl: Psy \u0142owcze<\/strong>, Aleksandra Jakubowska, Psim Nosem<\/p>\n\n\n\n<p>*Pop\u0119d i&nbsp;instynkt <\/p>\n\n\n\n<p>*Zachowania \u0142owieckie psa domowego <\/p>\n\n\n\n<p>*System seeking a&nbsp;\u0142owczo\u015b\u0107&nbsp;<\/p>\n\n\n\n<p>*Rasy my\u015bliwskie: pop\u0119dy, potrzeby, metody pracy<\/p>\n\n\n\n<p><strong> 2021:<\/strong><\/p>\n\n\n\n<p> \ud83d\udc3e<strong>Strategie modyfikacji behawioralnej w przypadkach agresji u ps\u00f3w,<\/strong>  Michael Shikashio (USA), Psia Wachta, 2021 <\/p>\n\n\n\n<p> \ud83d\udc3e<strong>Komunikacja Cz\u0142owiek &#8211; Pies<\/strong>, Joanna Hajdy\u0142a-Jarosz,  Psia Edukacja, 2021 <\/p>\n\n\n\n<p> \ud83d\udc3e<strong>Wp\u0142yw kastracji i sterylizacji na zdrowie i zachowanie ps\u00f3w<\/strong>, dr Amber Batson (Wielka Brytania), Psia Wachta, 2021<\/p>\n\n\n\n<p> \ud83d\udc3eKurs <strong>Zachowanie Zwierciad\u0142em Emocji<\/strong> z Angel\u0105 Stockdale  (Wielka Brytania) (obejmuj\u0105cy: Wst\u0119p do Komunikacji ps\u00f3w, Emocji i Zachowa\u0144 Ps\u00f3w, koncepcji Teaching dog oraz Koncepcji Klas Komunikacji),  Z Psem w Pe\u0142ni, 2021   <\/p>\n\n\n\n<p>  \ud83d\udc3e<strong>B\u00f3l spo\u0142eczny u ps\u00f3w<\/strong>, dr Frank McMillan (USA),  Psia Wachta, 2021 <\/p>\n\n\n\n<p> \ud83d\udc3e Michele Minunno (W\u0142ochy)  &#8222;<strong>Ku skutecznej adopcji<\/strong>&#8221;  Z Psem w Pe\u0142ni, 2021  <\/p>\n\n\n\n<p>  \ud83d\udc3e &#8222;<strong>Pu\u0142apki Komunikacji<\/strong> cze\u015b\u0107 I, II&#8221;, Kasia Patej,  Ania Gadomska,  Z Psem w Pe\u0142ni, 2021<\/p>\n\n\n\n<p> \ud83d\udc3e <strong>&#8222;Psychofarmakologia dla trener\u00f3w i behawioryst\u00f3w ps\u00f3w&#8221;<\/strong> lek. wet.  Karolina Twardzik, Otw\u00f3rz si\u0119 na psa, 2021 <\/p>\n\n\n\n<p> \ud83d\udc3e Marc Bekoff (USA)&nbsp;<strong>&#8222;Rozwa\u017cania o Emocjach u Ps\u00f3w&#8221;<\/strong> oraz z Jessic\u0105 Pierce <strong>&#8222;O Moralnych Aspektach Trzymania Ps\u00f3w&#8221;<\/strong>,  Z Psem w Pe\u0142ni, 2021 <\/p>\n\n\n\n<p> \ud83d\udc3e ANGELA STOCKDALE (Wielka Brytania) &#8211; <strong>&#8222;Naturalna Komunikacja&#8221;<\/strong>,  Z Psem w Pe\u0142ni, 2021  <\/p>\n\n\n\n<p> \ud83d\udc3e&#8221;<strong>Spo\u0142eczne uczenie si\u0119 szczeni\u0105t<\/strong>&#8221; Dr Claudia Fugazza, Marco Ojeda (W\u0142ochy), Psia Wachta, 2021<\/p>\n\n\n\n<p><strong>2020:<\/strong><\/p>\n\n\n\n<p> \ud83d\udc3e <strong>Szkolenie koncepcyjne<\/strong> &#8211; modyfikatory, Ken Ramirez, Psia Wachta, 2020     <\/p>\n\n\n\n<p> \ud83d\udc3e <strong>Mantrailing,<\/strong> Paulina Druri GaK9,  Psia Wachta, 2020    <\/p>\n\n\n\n<p> \ud83d\udc3e <strong>Etologiczne \u017ar\u00f3d\u0142a agresji u ps\u00f3w<\/strong>, Kim Brophey (USA), Psia Wachta, 2020 <\/p>\n\n\n\n<p> \ud83d\udc3e <strong>Prywatny wybieg dla ps\u00f3w<\/strong>, Katie Guastapaglia, Psia Wachta, 2020<\/p>\n\n\n\n<p> \ud83d\udc3e  <strong>Aktywny pies,<\/strong> dr Amber Batson (Wielka Brytania),  Psia Wachta, 2020   <\/p>\n\n\n\n<p> \ud83d\udc3e  Michele Minunno (W\u0142ochy) &#8211; <strong>&#8222;Spojrzenie<\/strong>,<strong> Co si\u0119 w Nim Kryje &#8222;<\/strong>,   Z Psem w Pe\u0142ni, 2020 <\/p>\n\n\n\n<p> \ud83d\udc3e  &#8222;<strong>Odcienie szaro\u015bci w naukowym my\u015bleniu o psowatych<\/strong> &#8211;  jak walczy\u0107 z mitami w nauce o dzikich i udomowionych psowatych&#8221;, Simon Gadbois (Kanada),  Z Psem w Pe\u0142ni, 2020<\/p>\n\n\n\n<p>  \ud83d\udc3e  &#8222;<strong>Selekcja i testy przydatno\u015bci szczeni\u0105t i ps\u00f3w doros\u0142ych<\/strong>&#8221; Jagna Gill,  Fundacja IRMA &#8211; Psy w S\u0142u\u017cbie Cz\u0142owieka, 2020<\/p>\n\n\n\n<p> \ud83d\udc3e &#8222;<strong>Analiza komunikacji ps\u00f3w&#8221;<\/strong>,  Piotr Wojtk\u00f3w, 2020<\/p>\n\n\n\n<p>  \ud83d\udc3e &#8222;<strong>Trening medyczny jako narz\u0119dzie do pracy z psami podczas konsultacji behawioralnych<\/strong>&#8221; Zofia Zaniewska-Wojtk\u00f3w, 2020<\/p>\n\n\n\n<p> \ud83d\udc3e Seminarium: <strong>Praca z Psem Schroniskowym<\/strong>,  Joanna Hajdy\u0142a-Jarosz, lek.wet. Jolanta \u0141api\u0144ska, Psia Edukacja, 2020<\/p>\n\n\n\n<p>\ud83d\udc3e Seminarium <strong> &#8222;M\u00f3w do mnie! \u2013 naukowo i z sercem o komunikacji ps\u00f3w i ludzi&#8221;<\/strong>,  Alexa Capra (W\u0142ochy), Talking Dogs, 2020<\/p>\n\n\n\n<p><strong>2019:<\/strong><\/p>\n\n\n\n<p> \ud83d\udc3e Seminarium <strong>&#8222;Co m\u00f3wi\u0105 psy?&#8221;<\/strong>,  Marina Garfagnoli (W\u0142ochy),  Fundacja Psia Wachta, 2019<\/p>\n\n\n\n<p>\ud83d\udc3e Seminarium: <strong>Komunikacja i Kompetencje Spo\u0142eczne Ps\u00f3w<\/strong>,  Joanna Hajdy\u0142a-Jarosz, lek. wet. Jolanta \u0141api\u0144ska, Psia Edukacja, 2019 <\/p>\n\n\n\n<p>\ud83d\udc3e Webinar <strong>ZABAWA I MOTYWACJA<\/strong>, Agata Seruga, BavariaTeam, 2019<\/p>\n\n\n\n<p>\ud83d\udc3e Seminarium \u201c<strong>Praktyczne podej\u015bcie do analizy zachowania ps\u00f3w<\/strong>\u201d, dr Barbara Sch\u00f6ning (Niemcy), Talking Dogs, 2019<\/p>\n\n\n\n<p> \ud83d\udc3eV Og\u00f3lnopolska Konferencja Behawioryzmu Zwierz\u0105t \u201c<strong>Skuteczne modele diagnostyczne i terapia trudnych przypadk\u00f3w zachowa\u0144 u ps\u00f3w<\/strong>\u201d, Forum Media, 2019<\/p>\n\n\n\n<p> \ud83d\udc3e Seminarium  <strong>\u201cDwa nozdrza \u2013 ca\u0142y \u015bwiat, czyli komunikacja w\u0119chowa u ps\u00f3w\u201d<\/strong>, Alexa Capra (W\u0142ochy), Talking Dogs, 2019<\/p>\n\n\n\n<p> \ud83d\udc3e Seminarium <strong>\u201cMotywacja \u2013 znacznie wi\u0119cej ni\u017c jedzenie czy zabawki\u201d<\/strong>, Alexa Capra (W\u0142ochy), Talking Dogs, 2019<\/p>\n\n\n\n<p> \ud83d\udc3e Praktyczna Pogadanka o <strong>TTouch\u00ae<\/strong>, Zuzanna Rybarczyk,  Psiaki w Zen &#8211; Tu i Teraz, 2019<\/p>\n\n\n\n<p> \ud83d\udc3e 3-dniowe warsztaty <strong>\u201cKompetencje Spo\u0142eczne i Emocjonalne Ps\u00f3w z Marina Garfagnoli (W\u0142ochy)\u201d<\/strong>, organizowane przez  Z PSEM W PE\u0141NI, 2019<\/p>\n\n\n\n<p> \ud83d\udc3e Kurs: Instruktor Polskiej Ligi Nosework, 2019 <\/p>\n\n\n\n<p> \ud83d\udc3e Intensywny <strong>kurs psiej komunikacji<\/strong>, Talking Dogs, 2019<\/p>\n\n\n\n<p> \ud83d\udc3e  Webinary:  <strong>Szczeniaki-rozrabiaki<\/strong>,  <strong>Praca behawiorysty<\/strong>, <strong>Emocje ps\u00f3w w szkoleniu<\/strong>,  <strong>Pies schroniskowy<\/strong>, Piotr Wojtk\u00f3w, 2019<\/p>\n\n\n\n<p><strong><br>2018:<\/strong><\/p>\n\n\n\n<p><br> \ud83d\udc3e Konferencja dotycz\u0105ca treningu zwierz\u0105t &#8211; <strong>Animal Training Methods <\/strong>ATM 2018 International Conference, 2018<br> <\/p>\n\n\n\n<p> \ud83d\udc3e Zaawansowane seminarium dotycz\u0105ce <strong>terapii ps\u00f3w reaktywnych<\/strong>, prowadzone przez Amber Batson (Wielka Brytania), Fundacja \u201ePsia Wachta\u201d, 2018<\/p>\n\n\n\n<p> \ud83d\udc3e Seminarium z Sylwi\u0105 Najsztub <strong>&#8222;L\u0119k, reaktywno\u015b\u0107, kontrola i wynikaj\u0105ca z nich agresja&#8221;<\/strong>,  Fundacja \u201eDuch Leona\u201d, 2018<\/p>\n\n\n\n<p> \ud83d\udc3e Wyk\u0142ad <strong>,,Rozpoznawanie problem\u00f3w zdrowotnych  i behawioralnych u ps\u00f3w geriatrycznych&#8221;<\/strong>, prowadzony przez lek. wet. Jolant\u0119 \u0141api\u0144sk\u0105, Etovet, Hills, Samorz\u0105d Student\u00f3w WMW SGGW, 2018<\/p>\n\n\n\n<p> \ud83d\udc3e III Og\u00f3lnopolska Konferencja Behawioryzmu Zwierz\u0105t &#8211; <strong>\u201cSkuteczne modele diagnostyczne i terapia zachowa\u0144 agresywnych oraz reaktywnych u ps\u00f3w\u201d<\/strong>, 2018<\/p>\n\n\n\n<p> \ud83d\udc3e Seminarium z \u00c1d\u00e1mem Mikl\u00f3sim (W\u0119gry) <strong>\u201cOsobowo\u015b\u0107, genetyka i emocje u ps\u00f3w\u201d<\/strong>, Fundacja \u201ePsia Wachta\u201d, 2018<\/p>\n\n\n\n<p><strong>2017<\/strong>:<\/p>\n\n\n\n<p> \ud83d\udc3e Konferencja <strong>Animal Training Methods<\/strong> &#8211; Metody Treningu Zwierz\u0105t ATM 2017<\/p>\n\n\n\n<p><strong>2012:<\/strong><\/p>\n\n\n\n<p> \ud83d\udc3e Szkolenie <strong>\u201eNajpierw wytresuj kurczaka\u201d <\/strong>w Ranczo Stokrotka, 2012<br><br> \ud83d\udc3e Szkolenie <strong>\u201eBATTing 1000 for Dog Reactivity  (Fear, Frustration and Aggression)\u201d<\/strong>, prowadzone przez Grisha Stewart (USA), Canis Sapiens, 2012<\/p>\n\n\n\n<p> \ud83d\udc3e Seminarium <strong>\u201eCo m\u00f3wimy psom\u201d<\/strong>, Alexa Capra (W\u0142ochy), Fundacja Psia Wachta, 2012<\/p>\n\n\n\n<p> \ud83d\udc3e Seminarium <strong>\u201cProblemy behawioralne u ps\u00f3w\u201d<\/strong>, prowadzone przez Amber Batson (Wielka Brytania), Fundacja \u201ePsia Wachta\u201d, 2012<\/p>\n","protected":false},"excerpt":{"rendered":"<p>W moim domu zawsze by\u0142y zwierz\u0119ta. Tak wiem, wiele stron trener\u00f3w czy behawioryst\u00f3w zaczyna si\u0119 podobnie&#8230; U mnie r\u00f3wnie\u017c tak by\u0142o. Od dziecka fascynowa\u0142am si\u0119 ich szkoleniem. Potrafi\u0142am godzinami przygl\u0105da\u0107 si\u0119 zwierz\u0119tom. Pami\u0119tam, gdy jako ma\u0142a dziewczynka nauczy\u0142am kr\u00f3lika na klaskanie wchodzi\u0107 do klatki. W mojej pracy nie skupiam si\u0119 na uczeniu ps\u00f3w konkursowego pos\u0142usze\u0144stwa. [&hellip;]<\/p>\n","protected":false},"author":1,"featured_media":0,"parent":0,"menu_order":0,"comment_status":"closed","ping_status":"closed","template":"","meta":{"footnotes":""},"class_list":["post-23","page","type-page","status-publish","hentry"],"_links":{"self":[{"href":"https:\/\/mamabehawiorysta.pl\/index.php\/wp-json\/wp\/v2\/pages\/23","targetHints":{"allow":["GET"]}}],"collection":[{"href":"https:\/\/mamabehawiorysta.pl\/index.php\/wp-json\/wp\/v2\/pages"}],"about":[{"href":"https:\/\/mamabehawiorysta.pl\/index.php\/wp-json\/wp\/v2\/types\/page"}],"author":[{"embeddable":true,"href":"https:\/\/mamabehawiorysta.pl\/index.php\/wp-json\/wp\/v2\/users\/1"}],"replies":[{"embeddable":true,"href":"https:\/\/mamabehawiorysta.pl\/index.php\/wp-json\/wp\/v2\/comments?post=23"}],"version-history":[{"count":66,"href":"https:\/\/mamabehawiorysta.pl\/index.php\/wp-json\/wp\/v2\/pages\/23\/revisions"}],"predecessor-version":[{"id":223,"href":"https:\/\/mamabehawiorysta.pl\/index.php\/wp-json\/wp\/v2\/pages\/23\/revisions\/223"}],"wp:attachment":[{"href":"https:\/\/mamabehawiorysta.pl\/index.php\/wp-json\/wp\/v2\/media?parent=23"}],"curies":[{"name":"wp","href":"https:\/\/api.w.org\/{rel}","templated":true}]}}