{"id":25,"date":"2019-09-28T00:08:05","date_gmt":"2019-09-27T22:08:05","guid":{"rendered":"http:\/\/wordpress1994626.home.pl\/autoinstalator\/wordpressplus2\/?page_id=25"},"modified":"2019-10-26T19:13:23","modified_gmt":"2019-10-26T17:13:23","slug":"konsultacje-behawioralne","status":"publish","type":"page","link":"https:\/\/mamabehawiorysta.pl\/index.php\/konsultacje-behawioralne\/","title":{"rendered":"Konsultacje behawioralne"},"content":{"rendered":"\n<p><br><img loading=\"lazy\" decoding=\"async\" width=\"250\" height=\"350\" class=\"wp-image-66\" style=\"width: 250px;\" src=\"http:\/\/wordpress1994626.home.pl\/autoinstalator\/wordpressplus2\/wp-content\/uploads\/2019\/09\/55939792_394749844411987_1823110434857680896_n.jpg\" alt=\"\" srcset=\"https:\/\/mamabehawiorysta.pl\/wp-content\/uploads\/2019\/09\/55939792_394749844411987_1823110434857680896_n.jpg 685w, https:\/\/mamabehawiorysta.pl\/wp-content\/uploads\/2019\/09\/55939792_394749844411987_1823110434857680896_n-214x300.jpg 214w\" sizes=\"auto, (max-width: 250px) 100vw, 250px\" \/><br>Gdy masz problem ze swoim psem, martwi Ci\u0119 jego zachowanie, zapraszam na konsultacje behawioralne. Takie spotkanie zawsze odbywa si\u0119 w domu u opiekun\u00f3w. Tylko tam mog\u0119 zobaczy\u0107 psa w naturalnym \u015brodowisku. Przed spotkaniem wysy\u0142am ankiet\u0119 do wype\u0142nienia, aby usprawni\u0107 nasze spotkanie. Je\u015bli jest taka potrzeba idziemy wsp\u00f3lnie na spacer. Podczas  konsultacji przeprowadzam wywiad na temat psa, obserwuj\u0119 jego zachowanie. Po spotkaniu wysy\u0142am podsumowanie oraz zalecenia. <br>Najbli\u017csze jest mi podej\u015bcia oparte na&nbsp;budowania prawid\u0142owej relacji z psem oraz zaspokojenie jego potrzeb.<\/p>\n","protected":false},"excerpt":{"rendered":"<p>Gdy masz problem ze swoim psem, martwi Ci\u0119 jego zachowanie, zapraszam na konsultacje behawioralne. Takie spotkanie zawsze odbywa si\u0119 w domu u opiekun\u00f3w. Tylko tam mog\u0119 zobaczy\u0107 psa w naturalnym \u015brodowisku. Przed spotkaniem wysy\u0142am ankiet\u0119 do wype\u0142nienia, aby usprawni\u0107 nasze spotkanie. Je\u015bli jest taka potrzeba idziemy wsp\u00f3lnie na spacer. Podczas konsultacji przeprowadzam wywiad na temat [&hellip;]<\/p>\n","protected":false},"author":1,"featured_media":0,"parent":0,"menu_order":0,"comment_status":"closed","ping_status":"closed","template":"","meta":{"footnotes":""},"class_list":["post-25","page","type-page","status-publish","hentry"],"_links":{"self":[{"href":"https:\/\/mamabehawiorysta.pl\/index.php\/wp-json\/wp\/v2\/pages\/25","targetHints":{"allow":["GET"]}}],"collection":[{"href":"https:\/\/mamabehawiorysta.pl\/index.php\/wp-json\/wp\/v2\/pages"}],"about":[{"href":"https:\/\/mamabehawiorysta.pl\/index.php\/wp-json\/wp\/v2\/types\/page"}],"author":[{"embeddable":true,"href":"https:\/\/mamabehawiorysta.pl\/index.php\/wp-json\/wp\/v2\/users\/1"}],"replies":[{"embeddable":true,"href":"https:\/\/mamabehawiorysta.pl\/index.php\/wp-json\/wp\/v2\/comments?post=25"}],"version-history":[{"count":8,"href":"https:\/\/mamabehawiorysta.pl\/index.php\/wp-json\/wp\/v2\/pages\/25\/revisions"}],"predecessor-version":[{"id":111,"href":"https:\/\/mamabehawiorysta.pl\/index.php\/wp-json\/wp\/v2\/pages\/25\/revisions\/111"}],"wp:attachment":[{"href":"https:\/\/mamabehawiorysta.pl\/index.php\/wp-json\/wp\/v2\/media?parent=25"}],"curies":[{"name":"wp","href":"https:\/\/api.w.org\/{rel}","templated":true}]}}